{"id":5827,"date":"2023-08-17T09:05:38","date_gmt":"2023-08-17T07:05:38","guid":{"rendered":"https:\/\/respectforheritage.com\/product\/grb-splita-hrvatska\/"},"modified":"2023-08-17T09:05:38","modified_gmt":"2023-08-17T07:05:38","slug":"grb-splita-hrvatska","status":"publish","type":"product","link":"https:\/\/respectforheritage.com\/hr\/proizvod\/grb-splita-hrvatska\/","title":{"rendered":"Grb Splita, Hrvatska"},"content":{"rendered":"<p>Poklon od metala, u tehnici kovanja. Motiv je postavljen na samostoje\u0107u bar\u0161unastu podlogu koja je smje\u0161tena u ukrasnu kutiju s poklopcem<\/p>\n","protected":false},"excerpt":{"rendered":"<p>Grb Splita, Hrvatska<\/p>\n","protected":false},"featured_media":5828,"template":"","meta":[],"product_brand":[],"product_cat":[375],"product_tag":[376],"class_list":{"0":"post-5827","1":"product","2":"type-product","3":"status-publish","4":"has-post-thumbnail","6":"product_cat-hrvatska","7":"product_tag-grb","9":"first","10":"instock","11":"shipping-taxable","12":"purchasable","13":"product-type-variable"},"yoast_head":"<!-- This site is optimized with the Yoast SEO plugin v25.4 - https:\/\/yoast.com\/wordpress\/plugins\/seo\/ -->\n<title>Grb Splita, Hrvatska - Respect For Heritage<\/title>\n<meta name=\"robots\" content=\"index, follow, max-snippet:-1, max-image-preview:large, max-video-preview:-1\" \/>\n<link rel=\"canonical\" href=\"https:\/\/respectforheritage.com\/hr\/proizvod\/grb-splita-hrvatska\/\" \/>\n<meta property=\"og:locale\" content=\"hr_HR\" \/>\n<meta property=\"og:type\" content=\"article\" \/>\n<meta property=\"og:title\" content=\"Grb Splita, Hrvatska - Respect For Heritage\" \/>\n<meta property=\"og:description\" content=\"Grb Splita, Hrvatska\" \/>\n<meta property=\"og:url\" content=\"https:\/\/respectforheritage.com\/hr\/proizvod\/grb-splita-hrvatska\/\" \/>\n<meta property=\"og:site_name\" content=\"Respect For Heritage\" \/>\n<meta property=\"article:publisher\" content=\"https:\/\/en-gb.facebook.com\/avers.mk\" \/>\n<meta property=\"og:image\" content=\"https:\/\/respectforheritage.com\/wp-content\/uploads\/2023\/08\/present_in_box_coat_of_arms_split_croatia_hrvatska.jpg\" \/>\n\t<meta property=\"og:image:width\" content=\"731\" \/>\n\t<meta property=\"og:image:height\" content=\"941\" \/>\n\t<meta property=\"og:image:type\" content=\"image\/jpeg\" \/>\n<meta name=\"twitter:card\" content=\"summary_large_image\" \/>\n<meta name=\"twitter:site\" content=\"@avers_mk\" \/>\n<script type=\"application\/ld+json\" class=\"yoast-schema-graph\">{\"@context\":\"https:\/\/schema.org\",\"@graph\":[{\"@type\":\"WebPage\",\"@id\":\"https:\/\/respectforheritage.com\/hr\/proizvod\/grb-splita-hrvatska\/\",\"url\":\"https:\/\/respectforheritage.com\/hr\/proizvod\/grb-splita-hrvatska\/\",\"name\":\"Grb Splita, Hrvatska - Respect For Heritage\",\"isPartOf\":{\"@id\":\"https:\/\/respectforheritage.com\/#website\"},\"primaryImageOfPage\":{\"@id\":\"https:\/\/respectforheritage.com\/hr\/proizvod\/grb-splita-hrvatska\/#primaryimage\"},\"image\":{\"@id\":\"https:\/\/respectforheritage.com\/hr\/proizvod\/grb-splita-hrvatska\/#primaryimage\"},\"thumbnailUrl\":\"https:\/\/respectforheritage.com\/wp-content\/uploads\/2023\/08\/present_in_box_coat_of_arms_split_croatia_hrvatska.jpg\",\"datePublished\":\"2023-08-17T07:05:38+00:00\",\"breadcrumb\":{\"@id\":\"https:\/\/respectforheritage.com\/hr\/proizvod\/grb-splita-hrvatska\/#breadcrumb\"},\"inLanguage\":\"hr\",\"potentialAction\":[{\"@type\":\"ReadAction\",\"target\":[\"https:\/\/respectforheritage.com\/hr\/proizvod\/grb-splita-hrvatska\/\"]}]},{\"@type\":\"ImageObject\",\"inLanguage\":\"hr\",\"@id\":\"https:\/\/respectforheritage.com\/hr\/proizvod\/grb-splita-hrvatska\/#primaryimage\",\"url\":\"https:\/\/respectforheritage.com\/wp-content\/uploads\/2023\/08\/present_in_box_coat_of_arms_split_croatia_hrvatska.jpg\",\"contentUrl\":\"https:\/\/respectforheritage.com\/wp-content\/uploads\/2023\/08\/present_in_box_coat_of_arms_split_croatia_hrvatska.jpg\",\"width\":731,\"height\":941},{\"@type\":\"BreadcrumbList\",\"@id\":\"https:\/\/respectforheritage.com\/hr\/proizvod\/grb-splita-hrvatska\/#breadcrumb\",\"itemListElement\":[{\"@type\":\"ListItem\",\"position\":1,\"name\":\"\u041f\u043e\u0447\u0435\u0442\u043d\u0430\",\"item\":\"https:\/\/respectforheritage.com\/hr\/doma-hr\/\"},{\"@type\":\"ListItem\",\"position\":2,\"name\":\"Shop\",\"item\":\"https:\/\/respectforheritage.com\/shop\/\"},{\"@type\":\"ListItem\",\"position\":3,\"name\":\"Grb Splita, Hrvatska\"}]},{\"@type\":\"WebSite\",\"@id\":\"https:\/\/respectforheritage.com\/#website\",\"url\":\"https:\/\/respectforheritage.com\/\",\"name\":\"Respect For Heritage\",\"description\":\"Web Shop\",\"publisher\":{\"@id\":\"https:\/\/respectforheritage.com\/#organization\"},\"potentialAction\":[{\"@type\":\"SearchAction\",\"target\":{\"@type\":\"EntryPoint\",\"urlTemplate\":\"https:\/\/respectforheritage.com\/?s={search_term_string}\"},\"query-input\":{\"@type\":\"PropertyValueSpecification\",\"valueRequired\":true,\"valueName\":\"search_term_string\"}}],\"inLanguage\":\"hr\"},{\"@type\":\"Organization\",\"@id\":\"https:\/\/respectforheritage.com\/#organization\",\"name\":\"AVERS\",\"url\":\"https:\/\/respectforheritage.com\/\",\"logo\":{\"@type\":\"ImageObject\",\"inLanguage\":\"hr\",\"@id\":\"https:\/\/respectforheritage.com\/#\/schema\/logo\/image\/\",\"url\":\"https:\/\/www.avers.mk\/wp-content\/uploads\/2022\/01\/web-logo-avers-ok-01.svg\",\"contentUrl\":\"https:\/\/www.avers.mk\/wp-content\/uploads\/2022\/01\/web-logo-avers-ok-01.svg\",\"width\":282,\"height\":211,\"caption\":\"AVERS\"},\"image\":{\"@id\":\"https:\/\/respectforheritage.com\/#\/schema\/logo\/image\/\"},\"sameAs\":[\"https:\/\/en-gb.facebook.com\/avers.mk\",\"https:\/\/x.com\/avers_mk\",\"https:\/\/mk.linkedin.com\/in\/aversgifts\"]}]}<\/script>\n<!-- \/ Yoast SEO plugin. -->","yoast_head_json":{"title":"Grb Splita, Hrvatska - Respect For Heritage","robots":{"index":"index","follow":"follow","max-snippet":"max-snippet:-1","max-image-preview":"max-image-preview:large","max-video-preview":"max-video-preview:-1"},"canonical":"https:\/\/respectforheritage.com\/hr\/proizvod\/grb-splita-hrvatska\/","og_locale":"hr_HR","og_type":"article","og_title":"Grb Splita, Hrvatska - Respect For Heritage","og_description":"Grb Splita, Hrvatska","og_url":"https:\/\/respectforheritage.com\/hr\/proizvod\/grb-splita-hrvatska\/","og_site_name":"Respect For Heritage","article_publisher":"https:\/\/en-gb.facebook.com\/avers.mk","og_image":[{"width":731,"height":941,"url":"https:\/\/respectforheritage.com\/wp-content\/uploads\/2023\/08\/present_in_box_coat_of_arms_split_croatia_hrvatska.jpg","type":"image\/jpeg"}],"twitter_card":"summary_large_image","twitter_site":"@avers_mk","schema":{"@context":"https:\/\/schema.org","@graph":[{"@type":"WebPage","@id":"https:\/\/respectforheritage.com\/hr\/proizvod\/grb-splita-hrvatska\/","url":"https:\/\/respectforheritage.com\/hr\/proizvod\/grb-splita-hrvatska\/","name":"Grb Splita, Hrvatska - Respect For Heritage","isPartOf":{"@id":"https:\/\/respectforheritage.com\/#website"},"primaryImageOfPage":{"@id":"https:\/\/respectforheritage.com\/hr\/proizvod\/grb-splita-hrvatska\/#primaryimage"},"image":{"@id":"https:\/\/respectforheritage.com\/hr\/proizvod\/grb-splita-hrvatska\/#primaryimage"},"thumbnailUrl":"https:\/\/respectforheritage.com\/wp-content\/uploads\/2023\/08\/present_in_box_coat_of_arms_split_croatia_hrvatska.jpg","datePublished":"2023-08-17T07:05:38+00:00","breadcrumb":{"@id":"https:\/\/respectforheritage.com\/hr\/proizvod\/grb-splita-hrvatska\/#breadcrumb"},"inLanguage":"hr","potentialAction":[{"@type":"ReadAction","target":["https:\/\/respectforheritage.com\/hr\/proizvod\/grb-splita-hrvatska\/"]}]},{"@type":"ImageObject","inLanguage":"hr","@id":"https:\/\/respectforheritage.com\/hr\/proizvod\/grb-splita-hrvatska\/#primaryimage","url":"https:\/\/respectforheritage.com\/wp-content\/uploads\/2023\/08\/present_in_box_coat_of_arms_split_croatia_hrvatska.jpg","contentUrl":"https:\/\/respectforheritage.com\/wp-content\/uploads\/2023\/08\/present_in_box_coat_of_arms_split_croatia_hrvatska.jpg","width":731,"height":941},{"@type":"BreadcrumbList","@id":"https:\/\/respectforheritage.com\/hr\/proizvod\/grb-splita-hrvatska\/#breadcrumb","itemListElement":[{"@type":"ListItem","position":1,"name":"\u041f\u043e\u0447\u0435\u0442\u043d\u0430","item":"https:\/\/respectforheritage.com\/hr\/doma-hr\/"},{"@type":"ListItem","position":2,"name":"Shop","item":"https:\/\/respectforheritage.com\/shop\/"},{"@type":"ListItem","position":3,"name":"Grb Splita, Hrvatska"}]},{"@type":"WebSite","@id":"https:\/\/respectforheritage.com\/#website","url":"https:\/\/respectforheritage.com\/","name":"Respect For Heritage","description":"Web Shop","publisher":{"@id":"https:\/\/respectforheritage.com\/#organization"},"potentialAction":[{"@type":"SearchAction","target":{"@type":"EntryPoint","urlTemplate":"https:\/\/respectforheritage.com\/?s={search_term_string}"},"query-input":{"@type":"PropertyValueSpecification","valueRequired":true,"valueName":"search_term_string"}}],"inLanguage":"hr"},{"@type":"Organization","@id":"https:\/\/respectforheritage.com\/#organization","name":"AVERS","url":"https:\/\/respectforheritage.com\/","logo":{"@type":"ImageObject","inLanguage":"hr","@id":"https:\/\/respectforheritage.com\/#\/schema\/logo\/image\/","url":"https:\/\/www.avers.mk\/wp-content\/uploads\/2022\/01\/web-logo-avers-ok-01.svg","contentUrl":"https:\/\/www.avers.mk\/wp-content\/uploads\/2022\/01\/web-logo-avers-ok-01.svg","width":282,"height":211,"caption":"AVERS"},"image":{"@id":"https:\/\/respectforheritage.com\/#\/schema\/logo\/image\/"},"sameAs":["https:\/\/en-gb.facebook.com\/avers.mk","https:\/\/x.com\/avers_mk","https:\/\/mk.linkedin.com\/in\/aversgifts"]}]}},"_links":{"self":[{"href":"https:\/\/respectforheritage.com\/hr\/wp-json\/wp\/v2\/product\/5827","targetHints":{"allow":["GET"]}}],"collection":[{"href":"https:\/\/respectforheritage.com\/hr\/wp-json\/wp\/v2\/product"}],"about":[{"href":"https:\/\/respectforheritage.com\/hr\/wp-json\/wp\/v2\/types\/product"}],"wp:featuredmedia":[{"embeddable":true,"href":"https:\/\/respectforheritage.com\/hr\/wp-json\/wp\/v2\/media\/5828"}],"wp:attachment":[{"href":"https:\/\/respectforheritage.com\/hr\/wp-json\/wp\/v2\/media?parent=5827"}],"wp:term":[{"taxonomy":"product_brand","embeddable":true,"href":"https:\/\/respectforheritage.com\/hr\/wp-json\/wp\/v2\/product_brand?post=5827"},{"taxonomy":"product_cat","embeddable":true,"href":"https:\/\/respectforheritage.com\/hr\/wp-json\/wp\/v2\/product_cat?post=5827"},{"taxonomy":"product_tag","embeddable":true,"href":"https:\/\/respectforheritage.com\/hr\/wp-json\/wp\/v2\/product_tag?post=5827"}],"curies":[{"name":"wp","href":"https:\/\/api.w.org\/{rel}","templated":true}]}}